{"id":427,"date":"2020-05-29T09:19:37","date_gmt":"2020-05-29T09:19:37","guid":{"rendered":"http:\/\/www.insigniawpthemes.co.in\/Techno-moon\/?page_id=427"},"modified":"2020-12-31T12:58:20","modified_gmt":"2020-12-31T12:58:20","slug":"preguntas-frecuentes","status":"publish","type":"page","link":"https:\/\/emodd.utalca.cl\/?page_id=427","title":{"rendered":"Preguntas Frecuentes"},"content":{"rendered":"<p>[vc_row css=&#8221;.vc_custom_1592050872390{padding-top: 100px !important;padding-bottom: 80px !important;}&#8221;][vc_column width=&#8221;1\/12&#8243; offset=&#8221;vc_col-lg-2 vc_col-md-2 vc_col-xs-12&#8243;][\/vc_column][vc_column width=&#8221;5\/6&#8243; offset=&#8221;vc_col-lg-8 vc_col-md-8 vc_col-xs-12&#8243;][vc_tta_accordion style=&#8221;insignia_accordion_layout1&#8243; c_position=&#8221;right&#8221; active_section=&#8221;1&#8243; css_animation=&#8221;fadeInUp&#8221; css=&#8221;.vc_custom_1593674274701{margin-bottom: 0px !important;}&#8221;][vc_tta_section title=&#8221;\u00bfC\u00f3mo se garantiza la confidencialidad de la informaci\u00f3n?&#8221; tab_id=&#8221;1590744083821-42d23ae3-9187&#8243;][vc_column_text]La informaci\u00f3n est\u00e1 es almacenada de manera segura en servidores institucionales protegidos.[\/vc_column_text][\/vc_tta_section][vc_tta_section title=&#8221;\u00bfQui\u00e9n accede a los datos?&#8221; tab_id=&#8221;1590744197550-79a1fd42-7180&#8243;][vc_column_text]Pueden acceder a los datos solo las instituciones que contratan el uso de EMODD.[\/vc_column_text][\/vc_tta_section][vc_tta_section title=&#8221;\u00bfQu\u00e9 tipo de cuestionarios se puede incluir?&#8221; tab_id=&#8221;1590744196822-a6f144d5-7472&#8243;][vc_column_text]Se puede incluir cuestionarios de autorreporte asociados a evaluaci\u00f3n de aspectos psicol\u00f3gicos, emocionales y conductuales.[\/vc_column_text][\/vc_tta_section][vc_tta_section title=&#8221;Costo del servicio&#8221; tab_id=&#8221;1590744195457-68d290f3-90d7&#8243;][vc_column_text]El costo depende del tipo de servicios que se entregue.[\/vc_column_text][\/vc_tta_section][vc_tta_section title=&#8221;Requisitos de conexi\u00f3n&#8221; tab_id=&#8221;1590744181680-a102081d-cc54&#8243;][vc_column_text]Herramientas de uso<br \/>\n\u2022 Computador o dispositivo m\u00f3vil con conexi\u00f3n mediante wifi o red a Internet (deseable conexi\u00f3n de 2 Mbps. o superior).<br \/>\n\u2022 Correo electr\u00f3nico*.[\/vc_column_text][\/vc_tta_section][vc_tta_section title=&#8221;Requisitos t\u00e9cnicos para computadores&#8221; tab_id=&#8221;1600060473334-45f2e23b-2f4d&#8221;][vc_column_text]Sistema operativo:<br \/>\nPC: Windows 7\/8\/10 de 64 o 82 bit o superior. Explorador: Internet Explorer 9 y superior, Firefox, Google Chrome o Opera.<br \/>\nMac: OS X Yosemite 10.10.5 o superior.<br \/>\nExplorador: Exploradores de 64 bits (Safari).[\/vc_column_text][\/vc_tta_section][vc_tta_section title=&#8221;Requisitos t\u00e9cnicos para dispositivos m\u00f3viles&#8221; tab_id=&#8221;1600060540924-edb9cc49-1c5b&#8221;][vc_column_text]Android 2.3.7 o posterior.<br \/>\niOS 9 o una versi\u00f3n posterior.<br \/>\n*Requisitos opcionales.[\/vc_column_text][\/vc_tta_section][vc_tta_section title=&#8221;\u00bfEn qu\u00e9 tipo de plataformas se puede usar?&#8221; tab_id=&#8221;1600060582211-124bb403-6c01&#8243;][vc_column_text]Se puede acceder a EMODD desde tel\u00e9fonos m\u00f3viles y computadores.[\/vc_column_text][\/vc_tta_section][\/vc_tta_accordion][\/vc_column][vc_column width=&#8221;1\/12&#8243; offset=&#8221;vc_col-lg-2 vc_col-md-2 vc_col-xs-12&#8243;][\/vc_column][\/vc_row][vc_row][vc_column][vc_separator][\/vc_column][\/vc_row]<\/p>\n","protected":false},"excerpt":{"rendered":"<p>[vc_row css=&#8221;.vc_custom_1592050872390{padding-top: 100px !important;padding-bottom: 80px !important;}&#8221;][vc_column width=&#8221;1\/12&#8243; offset=&#8221;vc_col-lg-2 vc_col-md-2 vc_col-xs-12&#8243;][\/vc_column][vc_column width=&#8221;5\/6&#8243; offset=&#8221;vc_col-lg-8 vc_col-md-8 vc_col-xs-12&#8243;][vc_tta_accordion style=&#8221;insignia_accordion_layout1&#8243; c_position=&#8221;right&#8221; active_section=&#8221;1&#8243; css_animation=&#8221;fadeInUp&#8221; css=&#8221;.vc_custom_1593674274701{margin-bottom: 0px<\/p>\n","protected":false},"author":1,"featured_media":0,"parent":0,"menu_order":0,"comment_status":"closed","ping_status":"closed","template":"","meta":[],"_links":{"self":[{"href":"https:\/\/emodd.utalca.cl\/index.php?rest_route=\/wp\/v2\/pages\/427"}],"collection":[{"href":"https:\/\/emodd.utalca.cl\/index.php?rest_route=\/wp\/v2\/pages"}],"about":[{"href":"https:\/\/emodd.utalca.cl\/index.php?rest_route=\/wp\/v2\/types\/page"}],"author":[{"embeddable":true,"href":"https:\/\/emodd.utalca.cl\/index.php?rest_route=\/wp\/v2\/users\/1"}],"replies":[{"embeddable":true,"href":"https:\/\/emodd.utalca.cl\/index.php?rest_route=%2Fwp%2Fv2%2Fcomments&post=427"}],"version-history":[{"count":9,"href":"https:\/\/emodd.utalca.cl\/index.php?rest_route=\/wp\/v2\/pages\/427\/revisions"}],"predecessor-version":[{"id":3760,"href":"https:\/\/emodd.utalca.cl\/index.php?rest_route=\/wp\/v2\/pages\/427\/revisions\/3760"}],"wp:attachment":[{"href":"https:\/\/emodd.utalca.cl\/index.php?rest_route=%2Fwp%2Fv2%2Fmedia&parent=427"}],"curies":[{"name":"wp","href":"https:\/\/api.w.org\/{rel}","templated":true}]}}